{"id":2633,"date":"2020-07-02T18:00:36","date_gmt":"2020-07-02T18:00:36","guid":{"rendered":"http:\/\/caballitodemar.com.co\/blog\/?page_id=2633"},"modified":"2020-07-15T19:14:22","modified_gmt":"2020-07-16T00:14:22","slug":"terminos-y-condiciones","status":"publish","type":"page","link":"https:\/\/caballitodemar.com.co\/blog\/terminos-y-condiciones\/","title":{"rendered":"T\u00e9rminos y condiciones"},"content":{"rendered":"<p><strong>T\u00e9rminos y condiciones de uso de la p\u00e1gina Web<\/strong><\/p>\n<p>La p\u00e1gina Web de CABALLITO DE MAR&nbsp;(<a href=\"http:\/\/www.caballitodemar.com.co\">www.caballitodemar.com.co<\/a>) &nbsp;tiene como objeto suministrar informaci\u00f3n referente a sus iniciativas, proyectos y servicios.<\/p>\n<p>CABALLITO DE MAR pide al visitante y al usuario de esta p\u00e1gina web, que lean con detenimiento y sumo cuidado las condiciones y pol\u00edticas de privacidad, que se expresan a continuaci\u00f3n, antes de iniciar su exploraci\u00f3n o uso, y en caso de no estar de acuerdo con las condiciones de privacidad, as\u00ed como con cualquier otra informaci\u00f3n, disposici\u00f3n o documentos anexos, lo conminamos a que se abstenga de ingresar, o explorar el contenido de nuestra p\u00e1gina web.<\/p>\n<ol>\n<li><strong>Aceptaci\u00f3n de T\u00e9rminos<\/strong><\/li>\n<\/ol>\n<p>Una vez el usuario ingresa a la p\u00e1gina Web <a href=\"http:\/\/www.caballitodemar.com.co\">www.caballitodemar.com.co<\/a> lo hace bajo su responsabilidad y como tal, de manera impl\u00edcita acepta \u00edntegramente y sin reserva alguna el contenido de los t\u00e9rminos y condiciones de uso de la p\u00e1gina Web del Proyecto denominado CABALLITO DE MAR. Al mismo tiempo CABALLITO DE MAR, se reserva, el derecho de actualizar y modificar en cualquier momento y en la manera que lo considere, de forma unilateral y sin aviso previo, las condiciones que aqu\u00ed se expresa, as\u00ed como el uso de los contenidos de la p\u00e1gina.<\/p>\n<p>Los servicios y la informaci\u00f3n que se suministra en la p\u00e1gina<\/p>\n<p>CABALLITO DE MAR es de naturaleza gratuita y libre para los usuarios y se regula con base en los t\u00e9rminos y condiciones que se exponen en el presente escrito, mismos que se entienden como conocidos y por consiguiente aceptados por los usuarios del sitio:<\/p>\n<ol start=\"2\">\n<li><strong>Copyright<\/strong><\/li>\n<\/ol>\n<p>Este sitio web, as\u00ed como el contenido que lo integra, incluyendo los documentos (gr\u00e1ficos, logos, animaciones, im\u00e1genes, videos y sonidos), son de propiedad de CABALLITO DE MAR. Como consecuencia de lo anterior queda rotundamente prohibida su reproducci\u00f3n, ya sea de manera \u00edntegra o parcial, as\u00ed como su traducci\u00f3n a cualquier otro idioma diferente al espa\u00f1ol, tambi\u00e9n queda prohibido su almacenamiento en cualquier medio t\u00e9cnico o tecnol\u00f3gico, su transmisi\u00f3n por cualquier canal diferente a la p\u00e1gina web de CABALLITO DE MAR, el acceso a esta p\u00e1gina e informaci\u00f3n que la comprende por medio de cualquier otro canal anal\u00f3gico o digital, esto sin previa autorizaci\u00f3n, autorizaci\u00f3n que debe ser emitida por escrito y por parte de las directivas del proyecto denominado CABALLITO DE MAR.<\/p>\n<p>Los visitantes y usuarios de la p\u00e1gina web de CABALLITO DE MAR, pueden imprimir, copiar o descargar, as\u00ed como exhibir el contenido de la p\u00e1gina web, exclusivamente para uso personal, nunca mercantil o comercial, siempre y cuando mencionen de manera expresa que la titularidad del material se encuentra en cabeza de CABALLITO DE MAR.<\/p>\n<p>Respecto de los contenidos digitales de la p\u00e1gina web de CABALLITO DE MAR, los visitantes y usuarios se comprometen y obligan a:<\/p>\n<ul>\n<li>Usar con diligencia y cuidado, todos y cada uno de los contenidos que componen la p\u00e1gina web de CABALLITO DE MAR, esto, apegados a los preceptos de legalidad y licitud, esto es, de manera correcta e impoluta.<\/li>\n<li>No eliminar, evitar, o manipular de manera arbitraria y sin autorizaci\u00f3n el copyright (derechos de autor) y dem\u00e1s datos que sirvan para identificar los derechos que CABALLITO DE MAR tiene sobre la informaci\u00f3n y documentaci\u00f3n que reposa en la p\u00e1gina web.<\/li>\n<li>No usar los contenidos y, especialmente, toda la informaci\u00f3n de cualquier clase obtenida por medio de la p\u00e1gina web de CABALLITO DE MAR.<\/li>\n<li>CABALLITO DE MAR no se responsabiliza de ninguna manera y bajo ning\u00fan supuesto del uso indebido que le impriman los usuarios o visitantes del contenido e informaci\u00f3n que se suministra en la p\u00e1gina web.<\/li>\n<li>Con base en el apartado anterior, el usuario o visitante se hace totalmente responsable por la indebida utilizaci\u00f3n de la los datos o informaci\u00f3n que se suministran en la p\u00e1gina web de CABALLITO DE MAR, lo anterior comprende tambi\u00e9n el uso il\u00edcito, o ilegal que se le pueda hacer de la informaci\u00f3n que se encuentra en la web, esto, ya sea a titulo personal o por interpuesta persona.<\/li>\n<li>El usuario o visitante, a t\u00edtulo personal o a trav\u00e9s de terceros, se abstendr\u00e1 de atentar o atacar, de ninguna manera o modalidad, a la p\u00e1gina web de CABALLITO DE MAR, contra su plataforma tecnol\u00f3gica, as\u00ed como contra sus bases de datos, sistemas de informaci\u00f3n, se abstendr\u00e1 tambi\u00e9n de interferir de cualquier manera en el funcionamiento normal de la p\u00e1gina web de CABALLITO DE MAR.<\/li>\n<li>El visitante o el usuario del sitio, se abstendr\u00e1 de generar bloqueos, o cualquier otro acto tendiente a impedir el monte o desmonte de informaci\u00f3n de la web de CABALLITO DE MAR, as\u00ed como realizar acciones que tengan por objeto impedir el ingreso de m\u00e1s usuarios o de administradores de la p\u00e1gina web.<\/li>\n<li>El visitante o el usuario de la p\u00e1gina Web de CABALLITO DE MAR , se abstendr\u00e1 de enviar o generar cualquier tipo de transmisi\u00f3n en este sitio web, incluso desde otro sitio hacia este sitio web, as\u00ed como tambi\u00e9n se abstendr\u00e1 de enviar o transmitir en este sitio Web o hacia el mismo, a otros usuarios o a cualquier persona, todo tipo de informaci\u00f3n de alcance obsceno, difamatorio, injuriante, calumniante o discriminatorio en contra de CABALLITO DE MAR, contra los miembros del proyecto con el mismo nombre o contra los responsables de la administraci\u00f3n de la p\u00e1gina Web.<\/li>\n<li>El visitante o el usuario de la p\u00e1gina Web de CABALLITO DE MAR, se abstendr\u00e1 de incurrir desde el sitio web en conductas que est\u00e9n tipificadas en la Ley 599 del 2000 como delitos, as\u00ed como cualquier tipo de conducta il\u00edcita e ilegal, tendientes a causar da\u00f1os o generar ataques inform\u00e1ticos, infracciones al derecho de autor, interceptaciones de comunicaciones, usurpaci\u00f3n de identidad, revelaci\u00f3n de secretos o falsificaci\u00f3n de documentos, as\u00ed como la utilizaci\u00f3n de terminales de titularidad de CABALLITO DE MAR.<\/li>\n<\/ul>\n<ol start=\"3\">\n<li><strong>Privacidad<\/strong><\/li>\n<\/ol>\n<p>CABALLITO DE MAR en este ac\u00e1pite emite su compromiso de salvaguardar tanto la informaci\u00f3n personal como la informaci\u00f3n privada de los usuarios o visitantes de esta web, por lo que adopta una pol\u00edtica de confidencialidad estricta con base en lo que enuncia m\u00e1s adelante.<\/p>\n<p>Por informaci\u00f3n personal se entiende toda aquella informaci\u00f3n que suministran usuarios y visitantes para efectos de registro, donde se incluyen datos tales como: nombre, tipo de identificaci\u00f3n, numero de identificaci\u00f3n, tel\u00e9fono, direcci\u00f3n de residencia, correo electr\u00f3nico, edad y g\u00e9nero.<\/p>\n<p>Con el ingreso de los datos antes mencionados, de ser el caso, el usuario o visitante es consciente que al aportar los mismo lo hace de manera libre, pacifica y voluntaria, siempre y cuando para los efectos sea solicitada por CABALLITO DE MAR, mas aun cuando esta informaci\u00f3n es solicitada para efectos de la interposici\u00f3n de alguna reclamaci\u00f3n, solicitud, queja o reclamo. As\u00ed como de ser necesario para acceder a mecanismos interactivos tales como foros y chats.<\/p>\n<p>En casos tales como realizaci\u00f3n de tr\u00e1mites, prestaci\u00f3n de servicios, otorgamiento de informaci\u00f3n pormenorizada emitidos por medios magn\u00e9ticos o electr\u00f3nicos, CABALLITO DE MAR tiene la potestad de solicitar a los usuarios o visitantes de esta p\u00e1gina web, apegados a lo establecido en la Ley Estatutaria 1582 de 2012 y su Decreto Reglamentario 1377 de 2013, as\u00ed como las disposiciones constitucionales y dem\u00e1s normas aplicables a la protecci\u00f3n de datos personales, su informaci\u00f3n personal. Esta solicitud de informaci\u00f3n se realiza de una manera tal que le permita al usuario visitante suministrar su informaci\u00f3n personal siempre de manera voluntaria.<\/p>\n<p>CABALLITO DE MAR se compromete de manera directa para con los usuarios y visitantes de la pagina web a no vender, suministrar, ceder o compartir la informaci\u00f3n personal que estos le suministren. De igual manera se compromete a corregir los datos que sean inexactos o incompletos, as\u00ed como de excluir los que ya no sean necesarios o pertinentes.<\/p>\n<ol start=\"4\">\n<li><strong>Informaci\u00f3n y sitios Web de terceros<\/strong><\/li>\n<\/ol>\n<p>La p\u00e1gina web de CABALLITO DE MAR puede ofrecer acceso a p\u00e1ginas web de terceros mediante hiperv\u00ednculos, as\u00ed como, a contenido de terceros con la finalidad de otorgarle al usuario o visitante toda la informaci\u00f3n posible de cara al objeto del proyecto. Se pone en conocimiento del usuario o visitante que el contenido que se encuentra inmerso en los sitios web que se pueden relacionar en la p\u00e1gina de CABALLITO DE MAR no son controlados por el mismo, por tal raz\u00f3n CABALLITO DE MAR no garantiza la calidad del contenido de estos sitios, as\u00ed como tampoco se responsabiliza por la informaci\u00f3n otorgada en las p\u00e1ginas web vinculadas y referenciadas. CABALLITO DE MAR tampoco recomienda o invita al usuario visitante el acceso a dichas p\u00e1ginas web, quedando en el resorte de la voluntad de usuario o visitante el acceso a las mismas.<\/p>\n<p>Por lo dicho el visitante o usuario entiende y acepta que CABALLITO DE MAR bajo ning\u00fan concepto o precepto es responsable del contenido de las paginas que se asocian mediante enlaces relacionados con las paginas web de terceros. De la misma manera el usuario o visitante entiende y acepta que CABALLITO DE MAR no se har\u00e1 responsable por conceptos de da\u00f1os o perdidas de cualquier \u00edndole como consecuencia del uso que este le de al contenido de las paginas web de terceros que se puedan relacionar.<\/p>\n<p>CABALLITO DE MAR no se hace responsable por las consecuencias que se generan a raz\u00f3n del uso indebido por parte de terceros de bases de datos, asimismo no se responsabiliza por las fallas t\u00e9cnicas en el funcionamiento o resguardo de los datos en los sistemas en cualquiera de los men\u00fas de esta p\u00e1gina web.<\/p>\n<p>CABALLITO DE MAR se abstiene de garantizar la disponibilidad permanente de la informaci\u00f3n, contenido, o servicios en l\u00ednea. Tampoco se har\u00e1 responsable con los usuarios o visitantes, as\u00ed como terceras personas, en caso de que la pagina web no se encuentre disponible.<\/p>\n<p>CABALLITO DE MAR no se har\u00e1 responsable por ning\u00fan motivo y bajo ninguna circunstancia por los incidentes o ataques que afecten la seguridad de su pagina web, as\u00ed como tampoco se har\u00e1 responsable por los ataques o incidentes que afecten sus sistemas de informaci\u00f3n; en el mismo sentido CABALLITO DE MAR se exime de responsabilidad como consecuencia del acceso fraudulento, no autorizado, ilegal o il\u00edcito en su pagina web que pueda tener como consecuencia la afectaci\u00f3n a la confidencialidad, autenticidad o integridad de la informaci\u00f3n que se publica o que se asocia con los objetivos y contenidos, as\u00ed como de los servicios que se puedan ofrecer en la p\u00e1gina web.<\/p>\n<ol start=\"5\">\n<li><strong>Responsabilidad por la informaci\u00f3n contenida<\/strong><\/li>\n<\/ol>\n<p>En raz\u00f3n de que en la actualidad lo medios tecnol\u00f3gicos, t\u00e9cnicos, sistem\u00e1ticos o virtuales no otorgan la posibilidad de garantizar de manera completa y definitiva la falta de injerencia de las acciones provenientes de terceros en los sitios web, CABALLITO DE MAR se abstiene de garantizar o asegurar la veracidad o exactitud de todo o parte de la informaci\u00f3n que compone su sitio web, as\u00ed como su actualizaci\u00f3n, de la misma manera se exime de garantizar en todo o en parte que la informaci\u00f3n que haya sido objeto de alteraci\u00f3n o modificaci\u00f3n, ya sea total o parcial luego de ser publicada en la p\u00e1gina, as\u00ed como cualquier otros aspecto o caracter\u00edstica que haya sido publicada en los sitios o en los enlaces relacionados.<\/p>\n<p>CABALLITO DE MAR pone en conocimiento del usuario o visitante que no garantiza la ausencia de virus, mucho menos de cualquier otro elemento en los contenidos que se publica y que pueda generar da\u00f1os o alteraciones en sus sistemas operativos (hardware y software).<\/p>\n<ol start=\"6\">\n<li><strong>Ley aplicable y jurisdicci<\/strong><\/li>\n<\/ol>\n<ol start=\"1\">\n<li>De cara al uso de los datos personales y la informaci\u00f3n relacionada con ellas se dar\u00e1 aplicaci\u00f3n a en la Ley Estatutaria 1582 de 2012 y su Decreto Reglamentario 1377 de 2013, as\u00ed como las disposiciones constitucionales y dem\u00e1s normas aplicables a la protecci\u00f3n de datos personales, su informaci\u00f3n personal.<\/li>\n<li>El usuario o visitante no podr\u00e1 comunicar ante CABALLITO DE MAR o cualquier autoridad administrativa o judicial, el uso de estas condiciones, normas, leyes aplicables o convenio que no se expresen de manera expl\u00edcita en los presentes t\u00e9rminos y condiciones.<\/li>\n<li>Los presentes t\u00e9rminos y condiciones se rigen por las leyes expedidas el Congreso Rep\u00fablica de Colombia.<\/li>\n<li>Si cualquiera de las normas que se expresan en estos t\u00e9rminos y condiciones pierde vigencia, fuerza obligatoria o validez independientemente de la raz\u00f3n, las dem\u00e1s disposiciones o normas que conserven su fuerza obligatoria seguir\u00e1n contando con su car\u00e1cter vinculante y generaran todos sus efectos.<\/li>\n<li>Para cualquier efecto judicial o legal a que haya lugar el domicilio de CABALLITO DE MAR y lugar de cumplimiento de estas condiciones es la ciudad de Medell\u00edn- Antioquia Colombia, y los jueces naturales ser\u00e1n los de la Rep\u00fablica de Colombia.<\/li>\n<\/ol>\n","protected":false},"excerpt":{"rendered":"T\u00e9rminos y condiciones de uso de la p\u00e1gina Web La p\u00e1gina Web de CABALLITO DE MAR&nbsp;(www.caballitodemar.com.co) &nbsp;tiene como&hellip;\n","protected":false},"author":1,"featured_media":0,"parent":0,"menu_order":0,"comment_status":"closed","ping_status":"closed","template":"","meta":{"content-type":"","_joinchat":[],"footnotes":""},"class_list":["post-2633","page","type-page","status-publish"],"yoast_head":"<!-- This site is optimized with the Yoast SEO plugin v25.5 - https:\/\/yoast.com\/wordpress\/plugins\/seo\/ -->\n<title>T\u00e9rminos y condiciones - Blog Caballito de Mar<\/title>\n<meta name=\"robots\" content=\"index, follow, max-snippet:-1, max-image-preview:large, max-video-preview:-1\" \/>\n<link rel=\"canonical\" href=\"https:\/\/caballitodemar.com.co\/blog\/terminos-y-condiciones\/\" \/>\n<meta property=\"og:locale\" content=\"es_ES\" \/>\n<meta property=\"og:type\" content=\"article\" \/>\n<meta property=\"og:title\" content=\"T\u00e9rminos y condiciones - Blog Caballito de Mar\" \/>\n<meta property=\"og:description\" content=\"T\u00e9rminos y condiciones de uso de la p\u00e1gina Web La p\u00e1gina Web de CABALLITO DE MAR&nbsp;(www.caballitodemar.com.co) &nbsp;tiene como&hellip;\" \/>\n<meta property=\"og:url\" content=\"https:\/\/caballitodemar.com.co\/blog\/terminos-y-condiciones\/\" \/>\n<meta property=\"og:site_name\" content=\"Blog Caballito de Mar\" \/>\n<meta property=\"article:modified_time\" content=\"2020-07-16T00:14:22+00:00\" \/>\n<meta name=\"twitter:card\" content=\"summary_large_image\" \/>\n<meta name=\"twitter:label1\" content=\"Tiempo de lectura\" \/>\n\t<meta name=\"twitter:data1\" content=\"11 minutos\" \/>\n<script type=\"application\/ld+json\" class=\"yoast-schema-graph\">{\"@context\":\"https:\/\/schema.org\",\"@graph\":[{\"@type\":\"WebPage\",\"@id\":\"https:\/\/caballitodemar.com.co\/blog\/terminos-y-condiciones\/\",\"url\":\"https:\/\/caballitodemar.com.co\/blog\/terminos-y-condiciones\/\",\"name\":\"T\u00e9rminos y condiciones - Blog Caballito de Mar\",\"isPartOf\":{\"@id\":\"https:\/\/caballitodemar.com.co\/blog\/#website\"},\"datePublished\":\"2020-07-02T18:00:36+00:00\",\"dateModified\":\"2020-07-16T00:14:22+00:00\",\"breadcrumb\":{\"@id\":\"https:\/\/caballitodemar.com.co\/blog\/terminos-y-condiciones\/#breadcrumb\"},\"inLanguage\":\"es\",\"potentialAction\":[{\"@type\":\"ReadAction\",\"target\":[\"https:\/\/caballitodemar.com.co\/blog\/terminos-y-condiciones\/\"]}]},{\"@type\":\"BreadcrumbList\",\"@id\":\"https:\/\/caballitodemar.com.co\/blog\/terminos-y-condiciones\/#breadcrumb\",\"itemListElement\":[{\"@type\":\"ListItem\",\"position\":1,\"name\":\"Portada\",\"item\":\"https:\/\/caballitodemar.com.co\/blog\/\"},{\"@type\":\"ListItem\",\"position\":2,\"name\":\"T\u00e9rminos y condiciones\"}]},{\"@type\":\"WebSite\",\"@id\":\"https:\/\/caballitodemar.com.co\/blog\/#website\",\"url\":\"https:\/\/caballitodemar.com.co\/blog\/\",\"name\":\"Blog Caballito de Mar\",\"description\":\"Una iniciativa que propone herramientas para la disminuci\u00f3n de la violencia estructural y machista a trav\u00e9s de la pedagog\u00eda\",\"potentialAction\":[{\"@type\":\"SearchAction\",\"target\":{\"@type\":\"EntryPoint\",\"urlTemplate\":\"https:\/\/caballitodemar.com.co\/blog\/?s={search_term_string}\"},\"query-input\":{\"@type\":\"PropertyValueSpecification\",\"valueRequired\":true,\"valueName\":\"search_term_string\"}}],\"inLanguage\":\"es\"}]}<\/script>\n<!-- \/ Yoast SEO plugin. -->","yoast_head_json":{"title":"T\u00e9rminos y condiciones - Blog Caballito de Mar","robots":{"index":"index","follow":"follow","max-snippet":"max-snippet:-1","max-image-preview":"max-image-preview:large","max-video-preview":"max-video-preview:-1"},"canonical":"https:\/\/caballitodemar.com.co\/blog\/terminos-y-condiciones\/","og_locale":"es_ES","og_type":"article","og_title":"T\u00e9rminos y condiciones - Blog Caballito de Mar","og_description":"T\u00e9rminos y condiciones de uso de la p\u00e1gina Web La p\u00e1gina Web de CABALLITO DE MAR&nbsp;(www.caballitodemar.com.co) &nbsp;tiene como&hellip;","og_url":"https:\/\/caballitodemar.com.co\/blog\/terminos-y-condiciones\/","og_site_name":"Blog Caballito de Mar","article_modified_time":"2020-07-16T00:14:22+00:00","twitter_card":"summary_large_image","twitter_misc":{"Tiempo de lectura":"11 minutos"},"schema":{"@context":"https:\/\/schema.org","@graph":[{"@type":"WebPage","@id":"https:\/\/caballitodemar.com.co\/blog\/terminos-y-condiciones\/","url":"https:\/\/caballitodemar.com.co\/blog\/terminos-y-condiciones\/","name":"T\u00e9rminos y condiciones - Blog Caballito de Mar","isPartOf":{"@id":"https:\/\/caballitodemar.com.co\/blog\/#website"},"datePublished":"2020-07-02T18:00:36+00:00","dateModified":"2020-07-16T00:14:22+00:00","breadcrumb":{"@id":"https:\/\/caballitodemar.com.co\/blog\/terminos-y-condiciones\/#breadcrumb"},"inLanguage":"es","potentialAction":[{"@type":"ReadAction","target":["https:\/\/caballitodemar.com.co\/blog\/terminos-y-condiciones\/"]}]},{"@type":"BreadcrumbList","@id":"https:\/\/caballitodemar.com.co\/blog\/terminos-y-condiciones\/#breadcrumb","itemListElement":[{"@type":"ListItem","position":1,"name":"Portada","item":"https:\/\/caballitodemar.com.co\/blog\/"},{"@type":"ListItem","position":2,"name":"T\u00e9rminos y condiciones"}]},{"@type":"WebSite","@id":"https:\/\/caballitodemar.com.co\/blog\/#website","url":"https:\/\/caballitodemar.com.co\/blog\/","name":"Blog Caballito de Mar","description":"Una iniciativa que propone herramientas para la disminuci\u00f3n de la violencia estructural y machista a trav\u00e9s de la pedagog\u00eda","potentialAction":[{"@type":"SearchAction","target":{"@type":"EntryPoint","urlTemplate":"https:\/\/caballitodemar.com.co\/blog\/?s={search_term_string}"},"query-input":{"@type":"PropertyValueSpecification","valueRequired":true,"valueName":"search_term_string"}}],"inLanguage":"es"}]}},"_links":{"self":[{"href":"https:\/\/caballitodemar.com.co\/blog\/wp-json\/wp\/v2\/pages\/2633","targetHints":{"allow":["GET"]}}],"collection":[{"href":"https:\/\/caballitodemar.com.co\/blog\/wp-json\/wp\/v2\/pages"}],"about":[{"href":"https:\/\/caballitodemar.com.co\/blog\/wp-json\/wp\/v2\/types\/page"}],"author":[{"embeddable":true,"href":"https:\/\/caballitodemar.com.co\/blog\/wp-json\/wp\/v2\/users\/1"}],"replies":[{"embeddable":true,"href":"https:\/\/caballitodemar.com.co\/blog\/wp-json\/wp\/v2\/comments?post=2633"}],"version-history":[{"count":5,"href":"https:\/\/caballitodemar.com.co\/blog\/wp-json\/wp\/v2\/pages\/2633\/revisions"}],"predecessor-version":[{"id":2698,"href":"https:\/\/caballitodemar.com.co\/blog\/wp-json\/wp\/v2\/pages\/2633\/revisions\/2698"}],"wp:attachment":[{"href":"https:\/\/caballitodemar.com.co\/blog\/wp-json\/wp\/v2\/media?parent=2633"}],"curies":[{"name":"wp","href":"https:\/\/api.w.org\/{rel}","templated":true}]}}