{"id":2623,"date":"2020-07-01T17:16:28","date_gmt":"2020-07-01T17:16:28","guid":{"rendered":"http:\/\/caballitodemar.com.co\/blog\/community\/"},"modified":"2020-08-26T18:10:18","modified_gmt":"2020-08-26T23:10:18","slug":"whatsapp-men","status":"publish","type":"page","link":"https:\/\/caballitodemar.com.co\/blog\/whatsapp-men\/","title":{"rendered":"WhatsApp Men?"},"content":{"rendered":"\n\n\n<div class=\"cnvs-block-section-heading cnvs-block-section-heading-1594735985658 is-style-cnvs-block-section-heading-10 haligncenter\" >\n\t<span class=\"cnvs-section-title\">\n\t\t<span>\u00bf<strong>Nos quieres contar tu historia<\/strong>?<\/span>\n\t<\/span>\n<\/div>\n\n\n\n<script charset=\"utf-8\" type=\"text\/javascript\" src=\"\/\/js.hsforms.net\/forms\/shell.js\"><\/script>\n<script>\n  hbspt.forms.create({\n\tportalId: \"7976751\",\n\tformId: \"78c3befb-3cd2-4905-bc38-24edc8f32269\"\n});\n<\/script>\n\n\n\n<div class=\"cnvs-block-section-heading cnvs-block-section-heading-1593722585189 is-style-cnvs-block-section-heading-10 haligncenter\" >\n\t<span class=\"cnvs-section-title\">\n\t\t<span><strong>Retos<\/strong><\/span>\n\t<\/span>\n<\/div>\n\n\n\n<p>Para los que son amantes de las redes sociales, tambi\u00e9n los invitamos a participar en Instagram, Twitter, Tiktok o Facebook utilizando las siguientes<\/p>\n\n\n\n<div class=\"wp-block-columns is-layout-flex wp-container-core-columns-is-layout-9d6595d7 wp-block-columns-is-layout-flex\">\n<div class=\"wp-block-column is-layout-flow wp-block-column-is-layout-flow\">\n<h3 id=\"caballitodemar\" class=\"has-text-color has-text-align-center wp-block-heading\" style=\"color:#e5142d\">#CaballitodeMar <\/h3>\n<\/div>\n\n\n\n<div class=\"wp-block-column is-layout-flow wp-block-column-is-layout-flow\">\n<h3 id=\"hombresimachistano\" class=\"has-text-color has-text-align-center wp-block-heading\" style=\"color:#e5142d\">#HombreS\u00edMachistaNO<\/h3>\n<\/div>\n<\/div>\n\n\n\n<div class=\"wp-block-columns is-layout-flex wp-container-core-columns-is-layout-9d6595d7 wp-block-columns-is-layout-flex\">\n<div class=\"wp-block-column is-layout-flow wp-block-column-is-layout-flow\">\n<p class=\"has-text-align-center\"><strong>Reto 1:<\/strong><br>Hazte una mascarilla porque los hombres tambi\u00e9n nos cuidamos<\/p>\n<\/div>\n\n\n\n<div class=\"wp-block-column is-layout-flow wp-block-column-is-layout-flow\">\n<p class=\"has-text-align-center\"><strong>Reto 2:<\/strong><br>Ponte la pinta para hacer oficio. Y con escoba, trapera, loza o sacudidor hazte un video. Porque los hombres compartimos las labores del hogar. Y \u00a1Ojo! no es que estemos \u201ccolaborando\u201d es parte de nuestra responsabilidad. Eso de creer que hay oficios para hombres o para mujeres es control patriarcal y suerte con eso.<\/p>\n<\/div>\n\n\n\n<div class=\"wp-block-column is-layout-flow wp-block-column-is-layout-flow\">\n<p class=\"has-text-align-center\"><strong>Reto 3:<\/strong><br>Baila. baila. Monta tu propia coreograf\u00eda (algo corto) y date el permiso de sentir tu cuerpo.<\/p>\n<\/div>\n<\/div>\n\n\n\n<div class=\"wp-block-columns is-layout-flex wp-container-core-columns-is-layout-9d6595d7 wp-block-columns-is-layout-flex\">\n<div class=\"wp-block-column is-layout-flow wp-block-column-is-layout-flow\">\n<p class=\"has-text-align-center\"><strong>Reto 4:<\/strong><br>Demuestra que los hombres en la cocina no huelen a mier#%#\u00bb de gallina. Videito cocinando algo<\/p>\n<\/div>\n\n\n\n<div class=\"wp-block-column is-layout-flow wp-block-column-is-layout-flow\">\n<p class=\"has-text-align-center\"><strong>Reto 5:<\/strong><br>V\u00edstete de rosa y muestra un letrero que diga <strong>#HombreS\u00edMachoNo<\/strong> porque los colores no tienen g\u00e9nero.<\/p>\n<\/div>\n<\/div>\n\n\n\n<p><\/p>\n","protected":false},"excerpt":{"rendered":"Para los que son amantes de las redes sociales, tambi\u00e9n los invitamos a participar en Instagram, Twitter, Tiktok&hellip;\n","protected":false},"author":1,"featured_media":0,"parent":0,"menu_order":0,"comment_status":"closed","ping_status":"closed","template":"","meta":{"content-type":"","_joinchat":[],"footnotes":""},"class_list":["post-2623","page","type-page","status-publish"],"yoast_head":"<!-- This site is optimized with the Yoast SEO plugin v25.5 - https:\/\/yoast.com\/wordpress\/plugins\/seo\/ -->\n<title>WhatsApp Men? - Blog Caballito de Mar<\/title>\n<meta name=\"robots\" content=\"index, follow, max-snippet:-1, max-image-preview:large, max-video-preview:-1\" \/>\n<link rel=\"canonical\" href=\"https:\/\/caballitodemar.com.co\/blog\/whatsapp-men\/\" \/>\n<meta property=\"og:locale\" content=\"es_ES\" \/>\n<meta property=\"og:type\" content=\"article\" \/>\n<meta property=\"og:title\" content=\"WhatsApp Men? - Blog Caballito de Mar\" \/>\n<meta property=\"og:description\" content=\"Para los que son amantes de las redes sociales, tambi\u00e9n los invitamos a participar en Instagram, Twitter, Tiktok&hellip;\" \/>\n<meta property=\"og:url\" content=\"https:\/\/caballitodemar.com.co\/blog\/whatsapp-men\/\" \/>\n<meta property=\"og:site_name\" content=\"Blog Caballito de Mar\" \/>\n<meta property=\"article:modified_time\" content=\"2020-08-26T23:10:18+00:00\" \/>\n<meta name=\"twitter:card\" content=\"summary_large_image\" \/>\n<meta name=\"twitter:label1\" content=\"Tiempo de lectura\" \/>\n\t<meta name=\"twitter:data1\" content=\"1 minuto\" \/>\n<script type=\"application\/ld+json\" class=\"yoast-schema-graph\">{\"@context\":\"https:\/\/schema.org\",\"@graph\":[{\"@type\":\"WebPage\",\"@id\":\"https:\/\/caballitodemar.com.co\/blog\/whatsapp-men\/\",\"url\":\"https:\/\/caballitodemar.com.co\/blog\/whatsapp-men\/\",\"name\":\"WhatsApp Men? - Blog Caballito de Mar\",\"isPartOf\":{\"@id\":\"https:\/\/caballitodemar.com.co\/blog\/#website\"},\"datePublished\":\"2020-07-01T17:16:28+00:00\",\"dateModified\":\"2020-08-26T23:10:18+00:00\",\"breadcrumb\":{\"@id\":\"https:\/\/caballitodemar.com.co\/blog\/whatsapp-men\/#breadcrumb\"},\"inLanguage\":\"es\",\"potentialAction\":[{\"@type\":\"ReadAction\",\"target\":[\"https:\/\/caballitodemar.com.co\/blog\/whatsapp-men\/\"]}]},{\"@type\":\"BreadcrumbList\",\"@id\":\"https:\/\/caballitodemar.com.co\/blog\/whatsapp-men\/#breadcrumb\",\"itemListElement\":[{\"@type\":\"ListItem\",\"position\":1,\"name\":\"Portada\",\"item\":\"https:\/\/caballitodemar.com.co\/blog\/\"},{\"@type\":\"ListItem\",\"position\":2,\"name\":\"WhatsApp Men?\"}]},{\"@type\":\"WebSite\",\"@id\":\"https:\/\/caballitodemar.com.co\/blog\/#website\",\"url\":\"https:\/\/caballitodemar.com.co\/blog\/\",\"name\":\"Blog Caballito de Mar\",\"description\":\"Una iniciativa que propone herramientas para la disminuci\u00f3n de la violencia estructural y machista a trav\u00e9s de la pedagog\u00eda\",\"potentialAction\":[{\"@type\":\"SearchAction\",\"target\":{\"@type\":\"EntryPoint\",\"urlTemplate\":\"https:\/\/caballitodemar.com.co\/blog\/?s={search_term_string}\"},\"query-input\":{\"@type\":\"PropertyValueSpecification\",\"valueRequired\":true,\"valueName\":\"search_term_string\"}}],\"inLanguage\":\"es\"}]}<\/script>\n<!-- \/ Yoast SEO plugin. -->","yoast_head_json":{"title":"WhatsApp Men? - Blog Caballito de Mar","robots":{"index":"index","follow":"follow","max-snippet":"max-snippet:-1","max-image-preview":"max-image-preview:large","max-video-preview":"max-video-preview:-1"},"canonical":"https:\/\/caballitodemar.com.co\/blog\/whatsapp-men\/","og_locale":"es_ES","og_type":"article","og_title":"WhatsApp Men? - Blog Caballito de Mar","og_description":"Para los que son amantes de las redes sociales, tambi\u00e9n los invitamos a participar en Instagram, Twitter, Tiktok&hellip;","og_url":"https:\/\/caballitodemar.com.co\/blog\/whatsapp-men\/","og_site_name":"Blog Caballito de Mar","article_modified_time":"2020-08-26T23:10:18+00:00","twitter_card":"summary_large_image","twitter_misc":{"Tiempo de lectura":"1 minuto"},"schema":{"@context":"https:\/\/schema.org","@graph":[{"@type":"WebPage","@id":"https:\/\/caballitodemar.com.co\/blog\/whatsapp-men\/","url":"https:\/\/caballitodemar.com.co\/blog\/whatsapp-men\/","name":"WhatsApp Men? - Blog Caballito de Mar","isPartOf":{"@id":"https:\/\/caballitodemar.com.co\/blog\/#website"},"datePublished":"2020-07-01T17:16:28+00:00","dateModified":"2020-08-26T23:10:18+00:00","breadcrumb":{"@id":"https:\/\/caballitodemar.com.co\/blog\/whatsapp-men\/#breadcrumb"},"inLanguage":"es","potentialAction":[{"@type":"ReadAction","target":["https:\/\/caballitodemar.com.co\/blog\/whatsapp-men\/"]}]},{"@type":"BreadcrumbList","@id":"https:\/\/caballitodemar.com.co\/blog\/whatsapp-men\/#breadcrumb","itemListElement":[{"@type":"ListItem","position":1,"name":"Portada","item":"https:\/\/caballitodemar.com.co\/blog\/"},{"@type":"ListItem","position":2,"name":"WhatsApp Men?"}]},{"@type":"WebSite","@id":"https:\/\/caballitodemar.com.co\/blog\/#website","url":"https:\/\/caballitodemar.com.co\/blog\/","name":"Blog Caballito de Mar","description":"Una iniciativa que propone herramientas para la disminuci\u00f3n de la violencia estructural y machista a trav\u00e9s de la pedagog\u00eda","potentialAction":[{"@type":"SearchAction","target":{"@type":"EntryPoint","urlTemplate":"https:\/\/caballitodemar.com.co\/blog\/?s={search_term_string}"},"query-input":{"@type":"PropertyValueSpecification","valueRequired":true,"valueName":"search_term_string"}}],"inLanguage":"es"}]}},"_links":{"self":[{"href":"https:\/\/caballitodemar.com.co\/blog\/wp-json\/wp\/v2\/pages\/2623","targetHints":{"allow":["GET"]}}],"collection":[{"href":"https:\/\/caballitodemar.com.co\/blog\/wp-json\/wp\/v2\/pages"}],"about":[{"href":"https:\/\/caballitodemar.com.co\/blog\/wp-json\/wp\/v2\/types\/page"}],"author":[{"embeddable":true,"href":"https:\/\/caballitodemar.com.co\/blog\/wp-json\/wp\/v2\/users\/1"}],"replies":[{"embeddable":true,"href":"https:\/\/caballitodemar.com.co\/blog\/wp-json\/wp\/v2\/comments?post=2623"}],"version-history":[{"count":18,"href":"https:\/\/caballitodemar.com.co\/blog\/wp-json\/wp\/v2\/pages\/2623\/revisions"}],"predecessor-version":[{"id":2755,"href":"https:\/\/caballitodemar.com.co\/blog\/wp-json\/wp\/v2\/pages\/2623\/revisions\/2755"}],"wp:attachment":[{"href":"https:\/\/caballitodemar.com.co\/blog\/wp-json\/wp\/v2\/media?parent=2623"}],"curies":[{"name":"wp","href":"https:\/\/api.w.org\/{rel}","templated":true}]}}