{"id":2607,"date":"2020-06-30T21:51:07","date_gmt":"2020-06-30T21:51:07","guid":{"rendered":"http:\/\/caballitodemar.com.co\/blog\/?page_id=2607"},"modified":"2023-03-16T21:08:17","modified_gmt":"2023-03-17T02:08:17","slug":"proyecto","status":"publish","type":"page","link":"https:\/\/caballitodemar.com.co\/blog\/proyecto\/","title":{"rendered":"\u00bfQu\u00e9 es Caballito de Mar?"},"content":{"rendered":"<p><strong>Caballito de mar<\/strong> es una propuesta transmedia que busca dar a conocer las masculinidades alternativas, disminuir la violencia generada por los estereotipos de g\u00e9nero y plantear una propuesta pedag\u00f3gica, diversa e interactiva que mezcle formatos, historias y tecnolog\u00eda para ofrecer una mirada cr\u00edtica al machismo.<\/p>\n<p>Generamos contenidos que posibiliten la discusi\u00f3n sobre el tema en las diversas plataformas.<\/p>\n<h2 id=\"corto-documental\"><strong>Corto documental.\u00a0 <\/strong><\/h2>\n<p>La historia de Andr\u00e9s, quien el d\u00eda que descubre c\u00f3mo los caballitos de mar vienen al mundo, entiende que ser hombre no es ser un macho.<\/p>\n<p><div class=\"cs-embed cs-embed-responsive\"><iframe title=\"Caballito de Mar \u00a1Jaque al Rey! - Trailer\" width=\"1200\" height=\"675\" src=\"https:\/\/www.youtube.com\/embed\/MKsIE9PrEDM?feature=oembed\" frameborder=\"0\" allow=\"accelerometer; autoplay; clipboard-write; encrypted-media; gyroscope; picture-in-picture; web-share\" allowfullscreen><\/iframe><\/div><\/p>\n<h2 id=\"intervencion-creativa\"><strong>Intervenci\u00f3n creativa<\/strong><\/h2>\n<p>Taller presencial que se nutre con las reflexiones de sus participantes y que permite un intercambio generacional que le da potencia a las conversaciones y a los ejercicios experienciales.\u00a0 Esta actividad se realiza en centros culturales, empresas, instituciones educativas, entre otras organizaciones<\/p>\n<p><div class=\"cs-embed cs-embed-responsive\"><iframe title=\"Talleres Asamblea Departamental | Caballito de Mar\" width=\"1200\" height=\"675\" src=\"https:\/\/www.youtube.com\/embed\/BP-mz0Q8GzM?feature=oembed\" frameborder=\"0\" allow=\"accelerometer; autoplay; clipboard-write; encrypted-media; gyroscope; picture-in-picture; web-share\" allowfullscreen><\/iframe><\/div><\/p>\n<h2 id=\"exposicion-fotografica\"><strong>Exposici\u00f3n fotogr\u00e1fica\u00a0<\/strong><\/h2>\n<p>Ingresa: <a href=\"https:\/\/caballitodemar.com.co\/exposicion\/\"><strong style=\"color: revert; font-size: revert; font-family: -apple-system, BlinkMacSystemFont, 'Segoe UI', Roboto, 'Helvetica Neue', Arial, 'Noto Sans', sans-serif, 'Apple Color Emoji', 'Segoe UI Emoji', 'Segoe UI Symbol', 'Noto Color Emoji';\">El machismo no es un juego<\/strong><\/a><\/p>\n<div class=\"elementor-element elementor-element-cb024bf elementor-widget elementor-widget-text-editor\" data-id=\"cb024bf\" data-element_type=\"widget\" data-widget_type=\"text-editor.default\">\n<div class=\"elementor-widget-container\">\n<div class=\"elementor-text-editor elementor-clearfix\">\n<p>Nadie puede negar que el machismo es violento y sustenta en su poder la agresi\u00f3n y la subvaloraci\u00f3n de lo que est\u00e1 por fuera de sus preceptos. El machismo no es un juego pero, en cambio, s\u00ed est\u00e1 presente en los juguetes que tenemos en casa o en la tienda que sigue separando los que son para ni\u00f1os y los que son para ni\u00f1as.<\/p>\n<p>Los juguetes est\u00e1n cargados de estereotipos y as\u00ed los compramos y los llevamos a casa como elementos socializadores que forman una especie de c\u00f3digo atemporal que cultiva la desigualdad y la violencia.<\/p>\n<\/div>\n<p><img fetchpriority=\"high\" decoding=\"async\" class=\"wp-image-3032 size-large aligncenter\" src=\"https:\/\/caballitodemar.com.co\/blog\/wp-content\/uploads\/2023\/03\/EXPO_CABALLITO-7-1024x683.jpg\" alt=\"\" width=\"1024\" height=\"683\" srcset=\"https:\/\/caballitodemar.com.co\/blog\/wp-content\/uploads\/2023\/03\/EXPO_CABALLITO-7-1024x683.jpg 1024w, https:\/\/caballitodemar.com.co\/blog\/wp-content\/uploads\/2023\/03\/EXPO_CABALLITO-7-300x200.jpg 300w, https:\/\/caballitodemar.com.co\/blog\/wp-content\/uploads\/2023\/03\/EXPO_CABALLITO-7-768x512.jpg 768w, https:\/\/caballitodemar.com.co\/blog\/wp-content\/uploads\/2023\/03\/EXPO_CABALLITO-7-380x253.jpg 380w, https:\/\/caballitodemar.com.co\/blog\/wp-content\/uploads\/2023\/03\/EXPO_CABALLITO-7-800x533.jpg 800w, https:\/\/caballitodemar.com.co\/blog\/wp-content\/uploads\/2023\/03\/EXPO_CABALLITO-7-1160x773.jpg 1160w, https:\/\/caballitodemar.com.co\/blog\/wp-content\/uploads\/2023\/03\/EXPO_CABALLITO-7.jpg 1200w\" sizes=\"(max-width: 1024px) 100vw, 1024px\" \/><\/p>\n<\/div>\n<\/div>\n<h2 id=\"docuweb-documental-interactivo\">Docuweb \/ Documental interactivo\u00a0<\/h2>\n<p>Orientado a la experiencia e historia real de tres personajes que mostrar\u00e1n otras maneras de ser hombre.\u00a0 Un espacio complementado con art\u00edculos, una galer\u00eda fotogr\u00e1fica y una investigaci\u00f3n acad\u00e9mica acerca de las masculinidades, convirtiendo esta plataforma en un medio de documentaci\u00f3n experiencial para los interesados en esta tem\u00e1tica.<\/p>\n<p>Ingresa: https:\/\/caballitodemar.com.co\/navegacion\/\u00a0<\/p>\n<p><div class=\"cs-embed cs-embed-responsive\"><iframe title=\"Trailer Docuweb - Caballito de Mar\" width=\"1200\" height=\"675\" src=\"https:\/\/www.youtube.com\/embed\/fYqMJs2cU7o?feature=oembed\" frameborder=\"0\" allow=\"accelerometer; autoplay; clipboard-write; encrypted-media; gyroscope; picture-in-picture; web-share\" allowfullscreen><\/iframe><\/div><\/p>\n<h2 id=\"experiencia-audioreactiva\"><strong>Experiencia Audioreactiva<\/strong><\/h2>\n<p>Nuestra instalaci\u00f3n audioreactiva, permite evidenciar gracias a los efectos y posibilidades de correlaci\u00f3n entre la luz y el sonido, significaciones, mediaciones y asociaciones est\u00e9ticas para los interactores. Los cuales, instalados en un espacio como atm\u00f3sfera de afecci\u00f3n de los sentidos, se orientan a resignificar las percepciones de cada individuo. Lo anterior se realiza dimensionando el trastocamiento de las magnitudes de la luz y el sonido, mediante un di\u00e1logo de lenguajes, correlacionados, en el plano digital. As\u00ed entonces, el prop\u00f3sito es el de entregar el control del fen\u00f3meno sensorial, dentro de un espacio configurado para generar una atm\u00f3sfera de correlaci\u00f3n entre una difusi\u00f3n visual y la captura y generaci\u00f3n de sonidos a los interactores y adem\u00e1s ofrecer una perspectiva que consecuentemente como ambientes sensitivos. En esta experiencia la instalaci\u00f3n sirve para hacer visible la violencia basada en g\u00e9nero desde el componente verbal proyectados en los cuerpos y espacios del otro, que estar\u00e1 en frente, invitando a la reflexi\u00f3n<\/p>\n<p><div class=\"cs-embed cs-embed-responsive\"><iframe title=\"Experiencia audioreactiva, instalaci\u00f3n de arte para Caballito de Mar.\" width=\"1200\" height=\"675\" src=\"https:\/\/www.youtube.com\/embed\/tuFqGMaC1II?feature=oembed\" frameborder=\"0\" allow=\"accelerometer; autoplay; clipboard-write; encrypted-media; gyroscope; picture-in-picture; web-share\" allowfullscreen><\/iframe><\/div><\/p>\n<h2 id=\"blog\"><strong>Blog<\/strong><\/h2>\n<p>Ingresa: https:\/\/caballitodemar.com.co\/blog\/\u00a0<\/p>\n<p>Permite la participaci\u00f3n del p\u00fablico a trav\u00e9s de mensajes y montaje de contenidos y que ser\u00e1 un elemento de consulta para las personas que buscan acercarse al tema.<\/p>\n<p><img decoding=\"async\" class=\"aligncenter wp-image-3033\" src=\"https:\/\/caballitodemar.com.co\/blog\/wp-content\/uploads\/2023\/03\/Blog-Caballito-de-Mar-02.jpg\" alt=\"\" width=\"900\" height=\"899\" srcset=\"https:\/\/caballitodemar.com.co\/blog\/wp-content\/uploads\/2023\/03\/Blog-Caballito-de-Mar-02.jpg 1001w, https:\/\/caballitodemar.com.co\/blog\/wp-content\/uploads\/2023\/03\/Blog-Caballito-de-Mar-02-300x300.jpg 300w, https:\/\/caballitodemar.com.co\/blog\/wp-content\/uploads\/2023\/03\/Blog-Caballito-de-Mar-02-150x150.jpg 150w, https:\/\/caballitodemar.com.co\/blog\/wp-content\/uploads\/2023\/03\/Blog-Caballito-de-Mar-02-768x767.jpg 768w, https:\/\/caballitodemar.com.co\/blog\/wp-content\/uploads\/2023\/03\/Blog-Caballito-de-Mar-02-80x80.jpg 80w, https:\/\/caballitodemar.com.co\/blog\/wp-content\/uploads\/2023\/03\/Blog-Caballito-de-Mar-02-380x380.jpg 380w, https:\/\/caballitodemar.com.co\/blog\/wp-content\/uploads\/2023\/03\/Blog-Caballito-de-Mar-02-800x799.jpg 800w\" sizes=\"(max-width: 900px) 100vw, 900px\" \/><\/p>\n<h2 id=\"\">\u00a0<\/h2>\n<h2 id=\"exposicion-jaque-al-rey\">Exposici\u00f3n \u00a1Jaque al rey!<\/h2>\n<p>Para los ni\u00f1os que juegan con mu\u00f1ecas, para los hombres que lloran y para las mujeres que ya no est\u00e1n, experimentar mediante texturas y colores el concepto del autor basado en la exploraci\u00f3n de masculinidades sensibles.<\/p>\n<p><div class=\"cs-embed cs-embed-responsive\"><iframe title=\"Video Presentacion - Exposici\u00f3n Caballito de Mar\" width=\"1200\" height=\"675\" src=\"https:\/\/www.youtube.com\/embed\/043O1aVXYVQ?feature=oembed\" frameborder=\"0\" allow=\"accelerometer; autoplay; clipboard-write; encrypted-media; gyroscope; picture-in-picture; web-share\" allowfullscreen><\/iframe><\/div><\/p>\n<p>\u00a0<\/p>\n<h2 id=\"serie-podcast\"><strong>Serie podcast<\/strong><\/h2>\n<p>Ingresa: <a href=\"https:\/\/caballitodemar.com.co\/blog\/hombre-si-macho-no\/macho-devorador\/\">Macho Devorador\u00a0<\/a><\/p>\n<p>Explorar historias ficcionadas con personajes cotidianos que representan \u00a0diferentes atributos de la masculinidad hegem\u00f3nica patriarcal y que motivan la reflexi\u00f3n en torno a pr\u00e1cticas machistas nocivas.<\/p>\n<p><a href=\"https:\/\/caballitodemar.com.co\/blog\/categoria\/hombre-si-macho-no\/\"><img decoding=\"async\" class=\"aligncenter wp-image-2614\" src=\"http:\/\/caballitodemar.com.co\/blog\/wp-content\/uploads\/2020\/06\/Podcast-Caballito-de-Mar-1024x1024.jpg\" alt=\"\" width=\"800\" height=\"800\" srcset=\"https:\/\/caballitodemar.com.co\/blog\/wp-content\/uploads\/2020\/06\/Podcast-Caballito-de-Mar-1024x1024.jpg 1024w, https:\/\/caballitodemar.com.co\/blog\/wp-content\/uploads\/2020\/06\/Podcast-Caballito-de-Mar-300x300.jpg 300w, https:\/\/caballitodemar.com.co\/blog\/wp-content\/uploads\/2020\/06\/Podcast-Caballito-de-Mar-150x150.jpg 150w, https:\/\/caballitodemar.com.co\/blog\/wp-content\/uploads\/2020\/06\/Podcast-Caballito-de-Mar-768x768.jpg 768w, https:\/\/caballitodemar.com.co\/blog\/wp-content\/uploads\/2020\/06\/Podcast-Caballito-de-Mar-80x80.jpg 80w, https:\/\/caballitodemar.com.co\/blog\/wp-content\/uploads\/2020\/06\/Podcast-Caballito-de-Mar-380x380.jpg 380w, https:\/\/caballitodemar.com.co\/blog\/wp-content\/uploads\/2020\/06\/Podcast-Caballito-de-Mar-800x800.jpg 800w, https:\/\/caballitodemar.com.co\/blog\/wp-content\/uploads\/2020\/06\/Podcast-Caballito-de-Mar-1160x1160.jpg 1160w, https:\/\/caballitodemar.com.co\/blog\/wp-content\/uploads\/2020\/06\/Podcast-Caballito-de-Mar.jpg 1200w\" sizes=\"(max-width: 800px) 100vw, 800px\" \/><\/a><\/p>\n\n\n<p><\/p>\n","protected":false},"excerpt":{"rendered":"Caballito de mar es una propuesta transmedia que busca dar a conocer las masculinidades alternativas, disminuir la violencia&hellip;\n","protected":false},"author":1,"featured_media":2617,"parent":0,"menu_order":0,"comment_status":"closed","ping_status":"closed","template":"","meta":{"content-type":"","_joinchat":[],"footnotes":""},"class_list":["post-2607","page","type-page","status-publish","has-post-thumbnail"],"yoast_head":"<!-- This site is optimized with the Yoast SEO plugin v25.5 - https:\/\/yoast.com\/wordpress\/plugins\/seo\/ -->\n<title>\u00bfQu\u00e9 es Caballito de Mar? - Blog Caballito de Mar<\/title>\n<meta name=\"description\" content=\"Proyecto transmedia una propuesta transmedia que busca dar a conocer las masculinidades alternativas, disminuir la violencia generada por los estereotipos de g\u00e9nero y plantear una propuesta pedag\u00f3gica, diversa e interactiva que mezcle formatos, historias y tecnolog\u00eda para ofrecer una mirada cr\u00edtica al machismo.\" \/>\n<meta name=\"robots\" content=\"index, follow, max-snippet:-1, max-image-preview:large, max-video-preview:-1\" \/>\n<link rel=\"canonical\" href=\"https:\/\/caballitodemar.com.co\/blog\/proyecto\/\" \/>\n<meta property=\"og:locale\" content=\"es_ES\" \/>\n<meta property=\"og:type\" content=\"article\" \/>\n<meta property=\"og:title\" content=\"\u00bfQu\u00e9 es Caballito de Mar? - Blog Caballito de Mar\" \/>\n<meta property=\"og:description\" content=\"Proyecto transmedia una propuesta transmedia que busca dar a conocer las masculinidades alternativas, disminuir la violencia generada por los estereotipos de g\u00e9nero y plantear una propuesta pedag\u00f3gica, diversa e interactiva que mezcle formatos, historias y tecnolog\u00eda para ofrecer una mirada cr\u00edtica al machismo.\" \/>\n<meta property=\"og:url\" content=\"https:\/\/caballitodemar.com.co\/blog\/proyecto\/\" \/>\n<meta property=\"og:site_name\" content=\"Blog Caballito de Mar\" \/>\n<meta property=\"article:modified_time\" content=\"2023-03-17T02:08:17+00:00\" \/>\n<meta property=\"og:image\" content=\"https:\/\/caballitodemar.com.co\/blog\/wp-content\/uploads\/2020\/06\/Banner-proyecto.jpg\" \/>\n\t<meta property=\"og:image:width\" content=\"1920\" \/>\n\t<meta property=\"og:image:height\" content=\"1024\" \/>\n\t<meta property=\"og:image:type\" content=\"image\/jpeg\" \/>\n<meta name=\"twitter:card\" content=\"summary_large_image\" \/>\n<meta name=\"twitter:label1\" content=\"Tiempo de lectura\" \/>\n\t<meta name=\"twitter:data1\" content=\"4 minutos\" \/>\n<script type=\"application\/ld+json\" class=\"yoast-schema-graph\">{\"@context\":\"https:\/\/schema.org\",\"@graph\":[{\"@type\":\"WebPage\",\"@id\":\"https:\/\/caballitodemar.com.co\/blog\/proyecto\/\",\"url\":\"https:\/\/caballitodemar.com.co\/blog\/proyecto\/\",\"name\":\"\u00bfQu\u00e9 es Caballito de Mar? - Blog Caballito de Mar\",\"isPartOf\":{\"@id\":\"https:\/\/caballitodemar.com.co\/blog\/#website\"},\"primaryImageOfPage\":{\"@id\":\"https:\/\/caballitodemar.com.co\/blog\/proyecto\/#primaryimage\"},\"image\":{\"@id\":\"https:\/\/caballitodemar.com.co\/blog\/proyecto\/#primaryimage\"},\"thumbnailUrl\":\"https:\/\/caballitodemar.com.co\/blog\/wp-content\/uploads\/2020\/06\/Banner-proyecto.jpg\",\"datePublished\":\"2020-06-30T21:51:07+00:00\",\"dateModified\":\"2023-03-17T02:08:17+00:00\",\"description\":\"Proyecto transmedia una propuesta transmedia que busca dar a conocer las masculinidades alternativas, disminuir la violencia generada por los estereotipos de g\u00e9nero y plantear una propuesta pedag\u00f3gica, diversa e interactiva que mezcle formatos, historias y tecnolog\u00eda para ofrecer una mirada cr\u00edtica al machismo.\",\"breadcrumb\":{\"@id\":\"https:\/\/caballitodemar.com.co\/blog\/proyecto\/#breadcrumb\"},\"inLanguage\":\"es\",\"potentialAction\":[{\"@type\":\"ReadAction\",\"target\":[\"https:\/\/caballitodemar.com.co\/blog\/proyecto\/\"]}]},{\"@type\":\"ImageObject\",\"inLanguage\":\"es\",\"@id\":\"https:\/\/caballitodemar.com.co\/blog\/proyecto\/#primaryimage\",\"url\":\"https:\/\/caballitodemar.com.co\/blog\/wp-content\/uploads\/2020\/06\/Banner-proyecto.jpg\",\"contentUrl\":\"https:\/\/caballitodemar.com.co\/blog\/wp-content\/uploads\/2020\/06\/Banner-proyecto.jpg\",\"width\":1920,\"height\":1024},{\"@type\":\"BreadcrumbList\",\"@id\":\"https:\/\/caballitodemar.com.co\/blog\/proyecto\/#breadcrumb\",\"itemListElement\":[{\"@type\":\"ListItem\",\"position\":1,\"name\":\"Portada\",\"item\":\"https:\/\/caballitodemar.com.co\/blog\/\"},{\"@type\":\"ListItem\",\"position\":2,\"name\":\"\u00bfQu\u00e9 es Caballito de Mar?\"}]},{\"@type\":\"WebSite\",\"@id\":\"https:\/\/caballitodemar.com.co\/blog\/#website\",\"url\":\"https:\/\/caballitodemar.com.co\/blog\/\",\"name\":\"Blog Caballito de Mar\",\"description\":\"Una iniciativa que propone herramientas para la disminuci\u00f3n de la violencia estructural y machista a trav\u00e9s de la pedagog\u00eda\",\"potentialAction\":[{\"@type\":\"SearchAction\",\"target\":{\"@type\":\"EntryPoint\",\"urlTemplate\":\"https:\/\/caballitodemar.com.co\/blog\/?s={search_term_string}\"},\"query-input\":{\"@type\":\"PropertyValueSpecification\",\"valueRequired\":true,\"valueName\":\"search_term_string\"}}],\"inLanguage\":\"es\"}]}<\/script>\n<!-- \/ Yoast SEO plugin. -->","yoast_head_json":{"title":"\u00bfQu\u00e9 es Caballito de Mar? - Blog Caballito de Mar","description":"Proyecto transmedia una propuesta transmedia que busca dar a conocer las masculinidades alternativas, disminuir la violencia generada por los estereotipos de g\u00e9nero y plantear una propuesta pedag\u00f3gica, diversa e interactiva que mezcle formatos, historias y tecnolog\u00eda para ofrecer una mirada cr\u00edtica al machismo.","robots":{"index":"index","follow":"follow","max-snippet":"max-snippet:-1","max-image-preview":"max-image-preview:large","max-video-preview":"max-video-preview:-1"},"canonical":"https:\/\/caballitodemar.com.co\/blog\/proyecto\/","og_locale":"es_ES","og_type":"article","og_title":"\u00bfQu\u00e9 es Caballito de Mar? - Blog Caballito de Mar","og_description":"Proyecto transmedia una propuesta transmedia que busca dar a conocer las masculinidades alternativas, disminuir la violencia generada por los estereotipos de g\u00e9nero y plantear una propuesta pedag\u00f3gica, diversa e interactiva que mezcle formatos, historias y tecnolog\u00eda para ofrecer una mirada cr\u00edtica al machismo.","og_url":"https:\/\/caballitodemar.com.co\/blog\/proyecto\/","og_site_name":"Blog Caballito de Mar","article_modified_time":"2023-03-17T02:08:17+00:00","og_image":[{"width":1920,"height":1024,"url":"https:\/\/caballitodemar.com.co\/blog\/wp-content\/uploads\/2020\/06\/Banner-proyecto.jpg","type":"image\/jpeg"}],"twitter_card":"summary_large_image","twitter_misc":{"Tiempo de lectura":"4 minutos"},"schema":{"@context":"https:\/\/schema.org","@graph":[{"@type":"WebPage","@id":"https:\/\/caballitodemar.com.co\/blog\/proyecto\/","url":"https:\/\/caballitodemar.com.co\/blog\/proyecto\/","name":"\u00bfQu\u00e9 es Caballito de Mar? - Blog Caballito de Mar","isPartOf":{"@id":"https:\/\/caballitodemar.com.co\/blog\/#website"},"primaryImageOfPage":{"@id":"https:\/\/caballitodemar.com.co\/blog\/proyecto\/#primaryimage"},"image":{"@id":"https:\/\/caballitodemar.com.co\/blog\/proyecto\/#primaryimage"},"thumbnailUrl":"https:\/\/caballitodemar.com.co\/blog\/wp-content\/uploads\/2020\/06\/Banner-proyecto.jpg","datePublished":"2020-06-30T21:51:07+00:00","dateModified":"2023-03-17T02:08:17+00:00","description":"Proyecto transmedia una propuesta transmedia que busca dar a conocer las masculinidades alternativas, disminuir la violencia generada por los estereotipos de g\u00e9nero y plantear una propuesta pedag\u00f3gica, diversa e interactiva que mezcle formatos, historias y tecnolog\u00eda para ofrecer una mirada cr\u00edtica al machismo.","breadcrumb":{"@id":"https:\/\/caballitodemar.com.co\/blog\/proyecto\/#breadcrumb"},"inLanguage":"es","potentialAction":[{"@type":"ReadAction","target":["https:\/\/caballitodemar.com.co\/blog\/proyecto\/"]}]},{"@type":"ImageObject","inLanguage":"es","@id":"https:\/\/caballitodemar.com.co\/blog\/proyecto\/#primaryimage","url":"https:\/\/caballitodemar.com.co\/blog\/wp-content\/uploads\/2020\/06\/Banner-proyecto.jpg","contentUrl":"https:\/\/caballitodemar.com.co\/blog\/wp-content\/uploads\/2020\/06\/Banner-proyecto.jpg","width":1920,"height":1024},{"@type":"BreadcrumbList","@id":"https:\/\/caballitodemar.com.co\/blog\/proyecto\/#breadcrumb","itemListElement":[{"@type":"ListItem","position":1,"name":"Portada","item":"https:\/\/caballitodemar.com.co\/blog\/"},{"@type":"ListItem","position":2,"name":"\u00bfQu\u00e9 es Caballito de Mar?"}]},{"@type":"WebSite","@id":"https:\/\/caballitodemar.com.co\/blog\/#website","url":"https:\/\/caballitodemar.com.co\/blog\/","name":"Blog Caballito de Mar","description":"Una iniciativa que propone herramientas para la disminuci\u00f3n de la violencia estructural y machista a trav\u00e9s de la pedagog\u00eda","potentialAction":[{"@type":"SearchAction","target":{"@type":"EntryPoint","urlTemplate":"https:\/\/caballitodemar.com.co\/blog\/?s={search_term_string}"},"query-input":{"@type":"PropertyValueSpecification","valueRequired":true,"valueName":"search_term_string"}}],"inLanguage":"es"}]}},"_links":{"self":[{"href":"https:\/\/caballitodemar.com.co\/blog\/wp-json\/wp\/v2\/pages\/2607","targetHints":{"allow":["GET"]}}],"collection":[{"href":"https:\/\/caballitodemar.com.co\/blog\/wp-json\/wp\/v2\/pages"}],"about":[{"href":"https:\/\/caballitodemar.com.co\/blog\/wp-json\/wp\/v2\/types\/page"}],"author":[{"embeddable":true,"href":"https:\/\/caballitodemar.com.co\/blog\/wp-json\/wp\/v2\/users\/1"}],"replies":[{"embeddable":true,"href":"https:\/\/caballitodemar.com.co\/blog\/wp-json\/wp\/v2\/comments?post=2607"}],"version-history":[{"count":12,"href":"https:\/\/caballitodemar.com.co\/blog\/wp-json\/wp\/v2\/pages\/2607\/revisions"}],"predecessor-version":[{"id":3043,"href":"https:\/\/caballitodemar.com.co\/blog\/wp-json\/wp\/v2\/pages\/2607\/revisions\/3043"}],"wp:featuredmedia":[{"embeddable":true,"href":"https:\/\/caballitodemar.com.co\/blog\/wp-json\/wp\/v2\/media\/2617"}],"wp:attachment":[{"href":"https:\/\/caballitodemar.com.co\/blog\/wp-json\/wp\/v2\/media?parent=2607"}],"curies":[{"name":"wp","href":"https:\/\/api.w.org\/{rel}","templated":true}]}}